{"id":7,"date":"2014-05-20T11:07:12","date_gmt":"2014-05-20T09:07:12","guid":{"rendered":"http:\/\/jette-schimmel.de\/html\/?page_id=7"},"modified":"2015-10-11T15:31:22","modified_gmt":"2015-10-11T13:31:22","slug":"kontakt","status":"publish","type":"page","link":"https:\/\/jette-schimmel.de\/html\/kontakt\/","title":{"rendered":"Kontakt"},"content":{"rendered":"<h5>Fragen, Anregungen, Anfragen?<\/h5>\n<p>E-Mail: <a href=\"mailto:jette.schimmel@yahoo.de\">jette.schimmel@yahoo.de<\/a><\/p>\n<p>Alle auf dieser Website befindlichen Inhalte wurden von mir verfasst oder die Quelle des Inhalts ist angegeben. Der Inhalt ist mein geistiges Eigentum und darf nur mit meiner ausdr\u00fccklichen Genehmigung verwendet werden.<\/p>\n<p>Haftungshinweis:<br \/>\nTrotz sorgf\u00e4ltiger inhaltlicher Kontrolle \u00fcbernehme ich keine Haftung f\u00fcr die Inhalte externer Links. F\u00fcr den Inhalt der verlinkten Seiten sind ausschlie\u00dflich deren Betreiber verantwortlich.<\/p>\n","protected":false},"excerpt":{"rendered":"<p>Fragen, Anregungen, Anfragen? E-Mail: jette.schimmel@yahoo.de Alle auf dieser Website befindlichen Inhalte wurden von mir verfasst oder die Quelle des Inhalts ist angegeben. Der Inhalt ist mein geistiges Eigentum und darf nur mit meiner ausdr\u00fccklichen Genehmigung verwendet werden. Haftungshinweis: Trotz sorgf\u00e4ltiger inhaltlicher Kontrolle \u00fcbernehme ich keine Haftung f\u00fcr die Inhalte externer\u2026<\/p>\n<p> <a class=\"continue-reading-link\" href=\"https:\/\/jette-schimmel.de\/html\/kontakt\/\"><span>Weiterlesen<\/span><i class=\"crycon-right-dir\"><\/i><\/a> <\/p>\n","protected":false},"author":1,"featured_media":0,"parent":0,"menu_order":0,"comment_status":"closed","ping_status":"closed","template":"","meta":{"footnotes":""},"class_list":["post-7","page","type-page","status-publish","hentry"],"_links":{"self":[{"href":"https:\/\/jette-schimmel.de\/html\/wp-json\/wp\/v2\/pages\/7"}],"collection":[{"href":"https:\/\/jette-schimmel.de\/html\/wp-json\/wp\/v2\/pages"}],"about":[{"href":"https:\/\/jette-schimmel.de\/html\/wp-json\/wp\/v2\/types\/page"}],"author":[{"embeddable":true,"href":"https:\/\/jette-schimmel.de\/html\/wp-json\/wp\/v2\/users\/1"}],"replies":[{"embeddable":true,"href":"https:\/\/jette-schimmel.de\/html\/wp-json\/wp\/v2\/comments?post=7"}],"version-history":[{"count":9,"href":"https:\/\/jette-schimmel.de\/html\/wp-json\/wp\/v2\/pages\/7\/revisions"}],"predecessor-version":[{"id":211,"href":"https:\/\/jette-schimmel.de\/html\/wp-json\/wp\/v2\/pages\/7\/revisions\/211"}],"wp:attachment":[{"href":"https:\/\/jette-schimmel.de\/html\/wp-json\/wp\/v2\/media?parent=7"}],"curies":[{"name":"wp","href":"https:\/\/api.w.org\/{rel}","templated":true}]}}