{"id":5,"date":"2014-05-20T10:56:40","date_gmt":"2014-05-20T08:56:40","guid":{"rendered":"http:\/\/jette-schimmel.de\/html\/?page_id=5"},"modified":"2015-10-11T16:50:51","modified_gmt":"2015-10-11T14:50:51","slug":"ueber-mich","status":"publish","type":"page","link":"https:\/\/jette-schimmel.de\/html\/ueber-mich\/","title":{"rendered":"\u00dcber mich"},"content":{"rendered":"<p><a style=\"text-align: left;\" href=\"https:\/\/jette-schimmel.de\/html\/wp-content\/uploads\/2014\/05\/Bewerbung_Jette_B_000002_klein.jpg\"><img loading=\"lazy\" decoding=\"async\" class=\"alignright wp-image-72 size-medium\" src=\"https:\/\/jette-schimmel.de\/html\/wp-content\/uploads\/2014\/05\/Bewerbung_Jette_B_000002_klein-199x300.jpg\" alt=\"Bewerbung_Jette_B_000002_klein\" width=\"199\" height=\"300\" srcset=\"https:\/\/jette-schimmel.de\/html\/wp-content\/uploads\/2014\/05\/Bewerbung_Jette_B_000002_klein-199x300.jpg 199w, https:\/\/jette-schimmel.de\/html\/wp-content\/uploads\/2014\/05\/Bewerbung_Jette_B_000002_klein.jpg 680w\" sizes=\"(max-width: 199px) 100vw, 199px\" \/><\/a>Meine Name ist Jette Schimmel und ich hei\u00dfe Sie auf meiner Internetseite herzlich willkommen! Hier erfahren Sie nun etwas mehr \u00fcber mich.<\/p>\n<h5>Ausbildung<\/h5>\n<p>Ich studierte Biochemie an der Martin-Luther-Universit\u00e4t in meiner Heimatstadt. F\u00fcr meine Diplomarbeit wechselte ich an das Leibniz-Institut f\u00fcr Pflanzenbiochemie. Anschlie\u00dfend entschied ich mich, meine Doktorarbeit am Institut f\u00fcr Pharmazie durchzuf\u00fchren. Meine Forschung war Teil eines vom Deutschen Akademischen Austauschdienst gef\u00f6rderten Projekts. Dadurch durfte ich 2012 und 2013 jeweils einen Monat an der Universit\u00e4t von Lissabon forschen. Au\u00dferdem hatte ich die M\u00f6glichkeit, an mehreren internationalen Tagungen teilnehmen zu d\u00fcrfen. Der Austausch mit anderen Wissenschaftlern bereicherte meine Arbeit. Daher sind mir Teamwork und Kommunikation sehr wichtig.<\/p>\n<h5>Wissenschaftsjournalismus<\/h5>\n<p>Das Schreiben war schon immer eine meiner Leidenschaften. Zuf\u00e4llig stie\u00df ich auf eine Anzeige im Laborjournal, welches in unserer Arbeitsgruppe gelesen wurde. Man suchte freie Mitarbeiter. Mein Interesse war geweckt und ich bewarb mich. Seither berichte ich mehrmals im Jahr im &#8222;Journal Club&#8220; von Arbeitsgruppen und ihren aktuellen Froschungsthemen.<\/p>\n<h5>Presse- und \u00d6ffentlichkeitsarbeit<\/h5>\n<p>Seit 2011 bin ich ehrenamtliche Pressewartin des Landestanzsportverbandes Sachsen-Anhalt. Die Kommunikation und Kooperation mit den Mitgliedsvereinen des Landesverbandes und den Pr\u00e4sidiumsmitgliedern, wie auch mit den Vertretern des Deutschen Tanzsportverbandes geh\u00f6rt hier ebenso zu meinen Aufgaben wie das selbstst\u00e4ndige Arbeiten an verschiedenen Projekten und das Planen, Verfassen und Koordinieren von Artikeln f\u00fcr die Verbandszeitung. Zus\u00e4tzlich betreue ich die Internetpr\u00e4senz und Facebookseite des Landestanzsportverbandes. Auch f\u00fcr meinen Heimattanzsportverein bin ich ehrenamtlich t\u00e4tig. Ich unterst\u00fctze ihn seit 2007 mit der Pflege der Homepage, die ich 2014 selbst\u00e4ndig neu designed habe, und k\u00fcmmere mich um die Facebookseite des Vereins.<br \/>\nF\u00fcr Veranstaltungen entwerfe ich Flyer und Poster.<\/p>\n<p>&nbsp;<\/p>\n<p>&nbsp;<\/p>\n","protected":false},"excerpt":{"rendered":"<p>Meine Name ist Jette Schimmel und ich hei\u00dfe Sie auf meiner Internetseite herzlich willkommen! Hier erfahren Sie nun etwas mehr \u00fcber mich. Ausbildung Ich studierte Biochemie an der Martin-Luther-Universit\u00e4t in meiner Heimatstadt. F\u00fcr meine Diplomarbeit wechselte ich an das Leibniz-Institut f\u00fcr Pflanzenbiochemie. Anschlie\u00dfend entschied ich mich, meine Doktorarbeit am Institut\u2026<\/p>\n<p> <a class=\"continue-reading-link\" href=\"https:\/\/jette-schimmel.de\/html\/ueber-mich\/\"><span>Weiterlesen<\/span><i class=\"crycon-right-dir\"><\/i><\/a> <\/p>\n","protected":false},"author":1,"featured_media":0,"parent":0,"menu_order":0,"comment_status":"closed","ping_status":"open","template":"","meta":{"footnotes":""},"class_list":["post-5","page","type-page","status-publish","hentry"],"_links":{"self":[{"href":"https:\/\/jette-schimmel.de\/html\/wp-json\/wp\/v2\/pages\/5"}],"collection":[{"href":"https:\/\/jette-schimmel.de\/html\/wp-json\/wp\/v2\/pages"}],"about":[{"href":"https:\/\/jette-schimmel.de\/html\/wp-json\/wp\/v2\/types\/page"}],"author":[{"embeddable":true,"href":"https:\/\/jette-schimmel.de\/html\/wp-json\/wp\/v2\/users\/1"}],"replies":[{"embeddable":true,"href":"https:\/\/jette-schimmel.de\/html\/wp-json\/wp\/v2\/comments?post=5"}],"version-history":[{"count":21,"href":"https:\/\/jette-schimmel.de\/html\/wp-json\/wp\/v2\/pages\/5\/revisions"}],"predecessor-version":[{"id":213,"href":"https:\/\/jette-schimmel.de\/html\/wp-json\/wp\/v2\/pages\/5\/revisions\/213"}],"wp:attachment":[{"href":"https:\/\/jette-schimmel.de\/html\/wp-json\/wp\/v2\/media?parent=5"}],"curies":[{"name":"wp","href":"https:\/\/api.w.org\/{rel}","templated":true}]}}